{"id":38,"date":"2024-01-22T21:51:07","date_gmt":"2024-01-22T21:51:07","guid":{"rendered":"https:\/\/tsv-ehningen-ringen.de\/wp2023\/?page_id=38"},"modified":"2026-01-10T10:14:34","modified_gmt":"2026-01-10T10:14:34","slug":"jugendkonzept","status":"publish","type":"page","link":"https:\/\/tsv-ehningen-ringen.de\/index.php\/jugendkonzept\/","title":{"rendered":"Jugendkonzept"},"content":{"rendered":"\n<p>Wir bieten beim TSV Ehningen Ringen im Jugendbereich&#8230;<\/p>\n\n\n\n<ul class=\"wp-block-list\">\n<li>ein <strong>qualifiziertes Trainerteam<\/strong> aus aktiven und ehemaligen Ringern<\/li>\n\n\n\n<li>ein <strong>einheitliches Trainingskonzept<\/strong> \u00fcber alle Altersklassen<\/li>\n\n\n\n<li>den <strong>spielerischen Einstieg<\/strong> in das Ringen bei den j\u00fcngeren Kindern<\/li>\n\n\n\n<li>gezielte Talentf\u00f6rderung<\/li>\n\n\n\n<li>Zusammenarbeit mit <strong>Schulen <\/strong>und<strong> Kinderg\u00e4rten<\/strong> \u00fcber Kooperationsprogramme<\/li>\n\n\n\n<li>ein gro\u00dfes <strong>Freizeitangebot<\/strong> (Jugendfreizeit, Radtour, Hallenbad usw.)<\/li>\n<\/ul>\n\n\n<div class=\"wp-block-image\">\n<figure class=\"aligncenter size-medium\"><img loading=\"lazy\" decoding=\"async\" width=\"300\" height=\"225\" src=\"https:\/\/tsv-ehningen-ringen.de\/wp-content\/uploads\/2024\/02\/image-1-300x225.png\" alt=\"\" class=\"wp-image-426\" srcset=\"https:\/\/tsv-ehningen-ringen.de\/wp-content\/uploads\/2024\/02\/image-1-300x225.png 300w, https:\/\/tsv-ehningen-ringen.de\/wp-content\/uploads\/2024\/02\/image-1.png 512w\" sizes=\"auto, (max-width: 300px) 100vw, 300px\" \/><\/figure>\n<\/div>\n\n\n<h2 class=\"wp-block-heading\">Kooperation Schule und Kinderg\u00e4rten<\/h2>\n\n\n\n<p>Der TSV Ehningen f\u00fchrt schon seit Jahren verschiedene Kooperationsprogramme mit der Ehninger Friedrich-Kammerer-Schule aber auch mit den \u00f6rtlichen Kinderg\u00e4rten durch.<\/p>\n\n\n\n<p>Ein fester Bestandteil ist hier das Projektangebot im Rahmen der &#8222;Pro.f.i.S &#8211; Projekte f\u00f6rdern in der Schule&#8220;, einer Aktion die vom F\u00f6rderverein der Friedrich-Kammerer-Schule durchgef\u00fchrt wird. Hier wird interessierten Kindern im Rahmen eines Projektangebots erm\u00f6glicht die Sportart Ringen und das vielf\u00e4ltige Training kennenzulernen. Nat\u00fcrlich wird am Ende des Projekts auch ein Turnier durchgef\u00fchrt bei dem auch die ersten Medaillen gewonnen werden k\u00f6nnen.<\/p>\n\n\n\n<h2 class=\"wp-block-heading\">Freizeitaktivit\u00e4ten<\/h2>\n\n\n\n<p>Neben den sportlichen Aktivit\u00e4ten kommt bei der Jugendarbeit auch die Freizeitgestaltung au\u00dferhalb der Matte nicht zu kurz.<\/p>\n\n\n\n<p>Dazu bietet der TSV Ehningen j\u00e4hrlich verschiedene Aktivit\u00e4ten an:<\/p>\n\n\n\n<ul class=\"wp-block-list\">\n<li>Jugendfreizeit<\/li>\n\n\n\n<li>Jugendaustausch Montana (USA)<\/li>\n\n\n\n<li>Hallenbadausfl\u00fcge<\/li>\n\n\n\n<li>gemeinsame Radtouren<\/li>\n\n\n\n<li>Weihnachtsfeier<\/li>\n<\/ul>\n\n\n\n<h2 class=\"wp-block-heading\">Interesse am Ringen?<\/h2>\n\n\n\n<p>Dann besuche uns einfach in unseren <a href=\"https:\/\/tsv-ehningen-ringen.de\/index.php\/trainingszeiten-2\/\">Trainingszeiten<\/a> und probiere es aus!<\/p>\n\n\n\n<p><strong>Was muss ich mitbringen?<\/strong> Sportbekleidung und Turnschuhe.<\/p>\n\n\n<div class=\"wp-block-image\">\n<figure class=\"aligncenter size-medium\"><img loading=\"lazy\" decoding=\"async\" width=\"300\" height=\"219\" src=\"https:\/\/tsv-ehningen-ringen.de\/wp-content\/uploads\/2024\/02\/image-2-300x219.png\" alt=\"\" class=\"wp-image-427\" srcset=\"https:\/\/tsv-ehningen-ringen.de\/wp-content\/uploads\/2024\/02\/image-2-300x219.png 300w, https:\/\/tsv-ehningen-ringen.de\/wp-content\/uploads\/2024\/02\/image-2.png 480w\" sizes=\"auto, (max-width: 300px) 100vw, 300px\" \/><\/figure>\n<\/div>","protected":false},"excerpt":{"rendered":"<p>Wir bieten beim TSV Ehningen Ringen im Jugendbereich&#8230; Kooperation Schule und Kinderg\u00e4rten Der TSV Ehningen f\u00fchrt schon seit Jahren verschiedene Kooperationsprogramme mit der Ehninger Friedrich-Kammerer-Schule aber auch mit den \u00f6rtlichen Kinderg\u00e4rten durch. Ein fester Bestandteil ist hier das Projektangebot im Rahmen der &#8222;Pro.f.i.S &#8211; Projekte f\u00f6rdern in der Schule&#8220;, einer Aktion die vom F\u00f6rderverein der &hellip; <\/p>\n<p class=\"link-more\"><a href=\"https:\/\/tsv-ehningen-ringen.de\/index.php\/jugendkonzept\/\" class=\"more-link\"><span class=\"screen-reader-text\">\u201eJugendkonzept\u201c<\/span> weiterlesen<\/a><\/p>\n","protected":false},"author":1,"featured_media":0,"parent":0,"menu_order":0,"comment_status":"closed","ping_status":"closed","template":"","meta":{"footnotes":""},"class_list":["post-38","page","type-page","status-publish","hentry"],"_links":{"self":[{"href":"https:\/\/tsv-ehningen-ringen.de\/index.php\/wp-json\/wp\/v2\/pages\/38","targetHints":{"allow":["GET"]}}],"collection":[{"href":"https:\/\/tsv-ehningen-ringen.de\/index.php\/wp-json\/wp\/v2\/pages"}],"about":[{"href":"https:\/\/tsv-ehningen-ringen.de\/index.php\/wp-json\/wp\/v2\/types\/page"}],"author":[{"embeddable":true,"href":"https:\/\/tsv-ehningen-ringen.de\/index.php\/wp-json\/wp\/v2\/users\/1"}],"replies":[{"embeddable":true,"href":"https:\/\/tsv-ehningen-ringen.de\/index.php\/wp-json\/wp\/v2\/comments?post=38"}],"version-history":[{"count":5,"href":"https:\/\/tsv-ehningen-ringen.de\/index.php\/wp-json\/wp\/v2\/pages\/38\/revisions"}],"predecessor-version":[{"id":1115,"href":"https:\/\/tsv-ehningen-ringen.de\/index.php\/wp-json\/wp\/v2\/pages\/38\/revisions\/1115"}],"wp:attachment":[{"href":"https:\/\/tsv-ehningen-ringen.de\/index.php\/wp-json\/wp\/v2\/media?parent=38"}],"curies":[{"name":"wp","href":"https:\/\/api.w.org\/{rel}","templated":true}]}}