{"id":39,"date":"2024-01-22T21:51:07","date_gmt":"2024-01-22T21:51:07","guid":{"rendered":"https:\/\/tsv-ehningen-ringen.de\/wp2023\/?page_id=39"},"modified":"2025-03-10T18:42:58","modified_gmt":"2025-03-10T18:42:58","slug":"trainingszeiten","status":"publish","type":"page","link":"https:\/\/tsv-ehningen-ringen.de\/index.php\/trainingszeiten\/","title":{"rendered":"Trainingszeiten"},"content":{"rendered":"\n<h2 class=\"wp-block-heading\">Gesamt\u00fcbersicht der Trainingszeiten<\/h2>\n\n\n\n<figure class=\"wp-block-image size-full\"><img loading=\"lazy\" decoding=\"async\" width=\"640\" height=\"453\" src=\"https:\/\/tsv-ehningen-ringen.de\/wp-content\/uploads\/2025\/03\/Trainingszeiten_ab0325_gesamt.jpeg\" alt=\"\" class=\"wp-image-797\" srcset=\"https:\/\/tsv-ehningen-ringen.de\/wp-content\/uploads\/2025\/03\/Trainingszeiten_ab0325_gesamt.jpeg 640w, https:\/\/tsv-ehningen-ringen.de\/wp-content\/uploads\/2025\/03\/Trainingszeiten_ab0325_gesamt-300x212.jpeg 300w\" sizes=\"auto, (max-width: 640px) 100vw, 640px\" \/><\/figure>\n\n\n\n<p>Du bist neu und m\u00f6chtest bei uns anfangen? Hier geht es zum Infoblatt f\u00fcr Neueinsteiger<\/p>\n\n\n\n<div class=\"wp-block-file\"><a id=\"wp-block-file--media-80e0def1-f83a-427c-a5c6-1fd571eef3b4\" href=\"https:\/\/tsv-ehningen-ringen.de\/wp-content\/uploads\/2025\/03\/Infoblatt-Neueinsteigertraining.pdf\" target=\"_blank\" rel=\"noreferrer noopener\">Infoblatt Neueinsteigertraining<\/a><a href=\"https:\/\/tsv-ehningen-ringen.de\/wp-content\/uploads\/2025\/03\/Infoblatt-Neueinsteigertraining.pdf\" class=\"wp-block-file__button wp-element-button\" download aria-describedby=\"wp-block-file--media-80e0def1-f83a-427c-a5c6-1fd571eef3b4\">Herunterladen<\/a><\/div>\n","protected":false},"excerpt":{"rendered":"<p>Gesamt\u00fcbersicht der Trainingszeiten Du bist neu und m\u00f6chtest bei uns anfangen? Hier geht es zum Infoblatt f\u00fcr Neueinsteiger<\/p>\n","protected":false},"author":1,"featured_media":0,"parent":0,"menu_order":0,"comment_status":"closed","ping_status":"closed","template":"","meta":{"footnotes":""},"class_list":["post-39","page","type-page","status-publish","hentry"],"_links":{"self":[{"href":"https:\/\/tsv-ehningen-ringen.de\/index.php\/wp-json\/wp\/v2\/pages\/39","targetHints":{"allow":["GET"]}}],"collection":[{"href":"https:\/\/tsv-ehningen-ringen.de\/index.php\/wp-json\/wp\/v2\/pages"}],"about":[{"href":"https:\/\/tsv-ehningen-ringen.de\/index.php\/wp-json\/wp\/v2\/types\/page"}],"author":[{"embeddable":true,"href":"https:\/\/tsv-ehningen-ringen.de\/index.php\/wp-json\/wp\/v2\/users\/1"}],"replies":[{"embeddable":true,"href":"https:\/\/tsv-ehningen-ringen.de\/index.php\/wp-json\/wp\/v2\/comments?post=39"}],"version-history":[{"count":11,"href":"https:\/\/tsv-ehningen-ringen.de\/index.php\/wp-json\/wp\/v2\/pages\/39\/revisions"}],"predecessor-version":[{"id":801,"href":"https:\/\/tsv-ehningen-ringen.de\/index.php\/wp-json\/wp\/v2\/pages\/39\/revisions\/801"}],"wp:attachment":[{"href":"https:\/\/tsv-ehningen-ringen.de\/index.php\/wp-json\/wp\/v2\/media?parent=39"}],"curies":[{"name":"wp","href":"https:\/\/api.w.org\/{rel}","templated":true}]}}