{"id":419,"date":"2024-02-20T12:36:25","date_gmt":"2024-02-20T12:36:25","guid":{"rendered":"https:\/\/tsv-ehningen-ringen.de\/wp2023\/?page_id=419"},"modified":"2024-02-20T12:41:37","modified_gmt":"2024-02-20T12:41:37","slug":"warum-ringen","status":"publish","type":"page","link":"https:\/\/tsv-ehningen-ringen.de\/index.php\/warum-ringen\/","title":{"rendered":"Warum Ringen?"},"content":{"rendered":"\n<h2 class=\"wp-block-heading\">6 Gr\u00fcnde zur positiven Entwicklung von Kindern durch das Ringen<\/h2>\n\n\n\n<p>1. Kinder entwickeln <strong>Geschicklichkeit<\/strong> und <strong>Koordinationsverm\u00f6gen<\/strong>.<\/p>\n\n\n\n<p>2. Das Training macht sie <strong>fit<\/strong> und <strong>kr\u00e4ftig<\/strong>.<\/p>\n\n\n\n<p>3. Das Messen der Kr\u00e4fte ist f\u00fcr Kinder <strong>ein Vergn\u00fcgen<\/strong>.<\/p>\n\n\n\n<p>4. Ringen erzieht zur <strong>Fairness<\/strong> und respektvollem Umgang miteinander.<\/p>\n\n\n\n<p>5. Ringen f\u00f6rdert <strong>soziales Verhalten<\/strong>. Im Training m\u00fcssen die Partner aufeinander eingehen. Im Wettkampf wird <strong>miteinander<\/strong> gerungen und nicht gegeneinander gek\u00e4mpft.<\/p>\n\n\n\n<p>6. Ringen hat nichts mit \u201eWrestling&#8220; zu tun. Fairness geht vor! Eindeutige Regeln und Rituale geben <strong>Sicherheit vor k\u00f6rperlicher Sch\u00e4digung <\/strong>und sorgen f\u00fcr einen <strong>partnerschaftlichen Umgang<\/strong>.<\/p>\n\n\n<div class=\"wp-block-image\">\n<figure class=\"aligncenter size-full\"><img loading=\"lazy\" decoding=\"async\" width=\"480\" height=\"338\" src=\"https:\/\/tsv-ehningen-ringen.de\/wp-content\/uploads\/2024\/02\/image.png\" alt=\"\" class=\"wp-image-420\" srcset=\"https:\/\/tsv-ehningen-ringen.de\/wp-content\/uploads\/2024\/02\/image.png 480w, https:\/\/tsv-ehningen-ringen.de\/wp-content\/uploads\/2024\/02\/image-300x211.png 300w\" sizes=\"auto, (max-width: 480px) 100vw, 480px\" \/><\/figure>\n<\/div>\n\n\n<h2 class=\"wp-block-heading\">Was bietet Ringen als Sportart?<\/h2>\n\n\n\n<p>Kinder haben im Ringen die M\u00f6glichkeit, <strong>ihrem Spieltrieb nachzugeben<\/strong> und sich unter Aufsicht zu balgen und raufen. Sie lernen dabei <strong>ihren K\u00f6rper zu beherrschen<\/strong> und gut mit ihm umzugehen. Eine positive Folge: Eine v<strong>erbesserte Beweglichkeit, Orientierung und k\u00f6rperliche Leistungsf\u00e4higkeit<\/strong>. Dies \u00e4u\u00dfert sich im t\u00e4glichen Leben: Die Kinder sind weniger und k\u00fcrzer krank, <strong>verletzen sich deutlich weniger<\/strong> und lernen z.B. den Aufprall bei St\u00fcrzen anzufangen.<\/p>\n\n\n\n<p>Ringen ist mehr als nur ein Sport. Im Verein finden sich <strong>Kinder und Jugendliche zusammen und bilden eine Einheit<\/strong>, in der Spiel und Spa\u00df ebenso wichtig sind wie Training und Erfolg. So wird der K\u00f6rper &#8222;wie nebenbei&#8220; von oben bis unten gekr\u00e4ftigt und trainiert.<\/p>\n\n\n\n<p>Anders als andere Sportarten spricht der Ringkampfsport <strong>vielf\u00e4ltige Bereiche des K\u00f6rpers<\/strong> an:<\/p>\n\n\n\n<ul class=\"wp-block-list\">\n<li><strong>Motorik<\/strong>: die Orientierung wird verbessert und Bewegungsabl\u00e4ufe werden geschult<\/li>\n\n\n\n<li><strong>Muskulatur<\/strong>: Nicht nur Teile sondern der ganze K\u00f6rper wird gekr\u00e4ftigt<\/li>\n\n\n\n<li><strong>Ausdauer<\/strong>: Ringen erh\u00f6ht die Belastungsf\u00e4higkeit und Kondition<\/li>\n<\/ul>\n","protected":false},"excerpt":{"rendered":"<p>6 Gr\u00fcnde zur positiven Entwicklung von Kindern durch das Ringen 1. Kinder entwickeln Geschicklichkeit und Koordinationsverm\u00f6gen. 2. Das Training macht sie fit und kr\u00e4ftig. 3. Das Messen der Kr\u00e4fte ist f\u00fcr Kinder ein Vergn\u00fcgen. 4. Ringen erzieht zur Fairness und respektvollem Umgang miteinander. 5. Ringen f\u00f6rdert soziales Verhalten. Im Training m\u00fcssen die Partner aufeinander eingehen. &hellip; <\/p>\n<p class=\"link-more\"><a href=\"https:\/\/tsv-ehningen-ringen.de\/index.php\/warum-ringen\/\" class=\"more-link\"><span class=\"screen-reader-text\">\u201eWarum Ringen?\u201c<\/span> weiterlesen<\/a><\/p>\n","protected":false},"author":1,"featured_media":0,"parent":0,"menu_order":0,"comment_status":"closed","ping_status":"closed","template":"","meta":{"footnotes":""},"class_list":["post-419","page","type-page","status-publish","hentry"],"_links":{"self":[{"href":"https:\/\/tsv-ehningen-ringen.de\/index.php\/wp-json\/wp\/v2\/pages\/419","targetHints":{"allow":["GET"]}}],"collection":[{"href":"https:\/\/tsv-ehningen-ringen.de\/index.php\/wp-json\/wp\/v2\/pages"}],"about":[{"href":"https:\/\/tsv-ehningen-ringen.de\/index.php\/wp-json\/wp\/v2\/types\/page"}],"author":[{"embeddable":true,"href":"https:\/\/tsv-ehningen-ringen.de\/index.php\/wp-json\/wp\/v2\/users\/1"}],"replies":[{"embeddable":true,"href":"https:\/\/tsv-ehningen-ringen.de\/index.php\/wp-json\/wp\/v2\/comments?post=419"}],"version-history":[{"count":2,"href":"https:\/\/tsv-ehningen-ringen.de\/index.php\/wp-json\/wp\/v2\/pages\/419\/revisions"}],"predecessor-version":[{"id":423,"href":"https:\/\/tsv-ehningen-ringen.de\/index.php\/wp-json\/wp\/v2\/pages\/419\/revisions\/423"}],"wp:attachment":[{"href":"https:\/\/tsv-ehningen-ringen.de\/index.php\/wp-json\/wp\/v2\/media?parent=419"}],"curies":[{"name":"wp","href":"https:\/\/api.w.org\/{rel}","templated":true}]}}