{"id":42,"date":"2024-01-22T21:51:07","date_gmt":"2024-01-22T21:51:07","guid":{"rendered":"https:\/\/tsv-ehningen-ringen.de\/wp2023\/?page_id=42"},"modified":"2026-04-17T19:08:02","modified_gmt":"2026-04-17T19:08:02","slug":"vereinsfuehrung","status":"publish","type":"page","link":"https:\/\/tsv-ehningen-ringen.de\/index.php\/vereinsfuehrung\/","title":{"rendered":"Vereinsf\u00fchrung"},"content":{"rendered":"\n<p>Ein \u00dcberblick \u00fcber den aktuellen Abteilungsausschuss der Ringerabteilung:<\/p>\n\n\n\n<figure class=\"wp-block-table is-style-regular\"><table><tbody><tr><td><img decoding=\"async\" src=\"https:\/\/tsv-ehningen-ringen.de\/wp-content\/uploads\/2026\/01\/A7403767-1024x1024.jpeg\" alt=\"\" style=\"width: 300px;\"><\/td><td>Max Reinhardt<br>Abteilungsleiter<br><a href=\"mailto:abteilungsleiter@tsv-ehningen-ringen.de\" target=\"_blank\" rel=\"noreferrer noopener\">abteilungsleiter@tsv-ehningen-ringen.de<\/a><\/td><\/tr><tr><td><img decoding=\"async\" src=\"https:\/\/tsv-ehningen-ringen.de\/wp-content\/uploads\/2026\/01\/A7404029-1024x1024.jpeg\" alt=\"\" style=\"width: 300px;\"><\/td><td>Magnus Volkmer<br>Stellvertretender Abteilungsleiter<br><a href=\"mailto:abteilungsleiter@tsv-ehningen-ringen.de\" target=\"_blank\" rel=\"noreferrer noopener\">vize@tsv-ehningen-ringen.de<\/a><\/td><\/tr><tr><td><img decoding=\"async\" src=\"https:\/\/tsv-ehningen-ringen.de\/wp-content\/uploads\/2026\/01\/A7403750-1024x1024.jpeg\" alt=\"\" style=\"width: 300px;\"><\/td><td>Andreas S\u00fcsser<br>Technischer Leiter<br><a href=\"mailto:abteilungsleiter@tsv-ehningen-ringen.de\" target=\"_blank\" rel=\"noreferrer noopener\">tl@tsv-ehningen-ringen.de<\/a><\/td><\/tr><tr><td><img decoding=\"async\" src=\"https:\/\/tsv-ehningen-ringen.de\/wp-content\/uploads\/2026\/01\/A7403747-1024x1024.jpeg\" alt=\"\" style=\"width: 300px;\"><\/td><td>Fabian Bendl<br>Sportlicher Leiter<br>s<a href=\"mailto:portlicherleiter@tsv-ehningen-ringen.de\" target=\"_blank\" rel=\"noreferrer noopener\">portlicherleiter@tsv-ehningen-ringen.de<\/a><\/td><\/tr><tr><td><img decoding=\"async\" src=\"https:\/\/tsv-ehningen-ringen.de\/wp-content\/uploads\/2026\/01\/A7403753-1024x1024.jpeg\" alt=\"\" style=\"width: 300px;\"><\/td><td>Kai R\u00f6sch<br>Jugendleiter<br><a href=\"mailto:abteilungsleiter@tsv-ehningen-ringen.de\" target=\"_blank\" rel=\"noreferrer noopener\">jugendleiter@tsv-ehningen-ringen.de<\/a><\/td><\/tr><tr><td><img decoding=\"async\" src=\"https:\/\/tsv-ehningen-ringen.de\/wp-content\/uploads\/2026\/01\/A7404040-1024x1024.jpeg\" alt=\"\" style=\"width: 300px;\"><\/td><td>Christian Stevens<br>Kassier<br><a href=\"mailto:kassier@tsv-ehningen-ringen.de\">kassier@tsv-ehningen-ringen.de<\/a><\/td><\/tr><tr><td><img decoding=\"async\" src=\"https:\/\/tsv-ehningen-ringen.de\/wp-content\/uploads\/2026\/01\/A7403755-1024x1024.jpeg\" alt=\"\" style=\"width: 300px;\"><\/td><td>Daniel Raiser<br>Schriftf\u00fchrer<br><a href=\"mailto:schriftfuehrer@tsv-ehningen-ringen.de\">schriftfuehrer@tsv-ehningen-ringen.de<\/a>&nbsp;<\/td><\/tr><tr><td><img decoding=\"async\" src=\"https:\/\/tsv-ehningen-ringen.de\/wp-content\/uploads\/2026\/04\/A7403759-1024x1024.jpeg\" alt=\"\" style=\"width: 300px;\"><\/td><td>Henri Schimmer<br>Leiter \u00d6ffentlichkeitsarbeit<br><a href=\"mailto:abteilungsleiter@tsv-ehningen-ringen.de\" target=\"_blank\" rel=\"noreferrer noopener\"><\/a><a href=\"mailto:presse@tsv-ehningen-ringen.de\">presse@tsv-ehningen-ringen.de<\/a><\/td><\/tr><tr><td><img decoding=\"async\" src=\"https:\/\/tsv-ehningen-ringen.de\/wp-content\/uploads\/2026\/01\/A7403769-1024x1024.jpeg\" alt=\"\" style=\"width: 300px;\"><\/td><td>Claus Z\u00f6phel<br>Leiter Sponsoring<br><a href=\"mailto:abteilungsleiter@tsv-ehningen-ringen.de\" target=\"_blank\" rel=\"noreferrer noopener\"><\/a><a href=\"mailto:leitersponsoring@tsv-ehningen-ringen.de\">leitersponsoring@tsv-ehningen-ringen.de<\/a><\/td><\/tr><tr><td><img decoding=\"async\" src=\"https:\/\/tsv-ehningen-ringen.de\/wp-content\/uploads\/2026\/01\/A7403762-1024x1024.jpeg\" alt=\"\" style=\"width: 300px;\"><\/td><td>Carsten Ziegler<br>Beisitzer Sponsoring<br><a href=\"mailto:abteilungsleiter@tsv-ehningen-ringen.de\" target=\"_blank\" rel=\"noreferrer noopener\"><\/a><a href=\"mailto:bssponsoring@tsv-ehningen-ringen.de\">bssponsoring@tsv-ehningen-ringen.de<\/a><\/td><\/tr><tr><td><img decoding=\"async\" src=\"https:\/\/tsv-ehningen-ringen.de\/wp-content\/uploads\/2026\/01\/A7403742-1024x1024.jpeg\" alt=\"\" style=\"width: 300px;\"><\/td><td>Marc Z\u00f6phel<br>Beisitzer Sport<br><a href=\"mailto:abteilungsleiter@tsv-ehningen-ringen.de\" target=\"_blank\" rel=\"noreferrer noopener\"><\/a><a href=\"mailto:bssport@tsv-ehningen-ringen.de\">bssport@tsv-ehningen-ringen.de<\/a><\/td><\/tr><tr><td><img decoding=\"async\" src=\"https:\/\/tsv-ehningen-ringen.de\/wp-content\/uploads\/2026\/01\/A7404043-1024x1024.jpeg\" alt=\"\" style=\"width: 300px;\"><\/td><td>Wolfgang Wochele<br>Beisitzer Technik<br><a href=\"mailto:bstechnik@tsv-ehningen-ringen.de\">bstechnik@tsv-ehningen-ringen.de<\/a><\/td><\/tr><tr><td><img decoding=\"async\" src=\"https:\/\/tsv-ehningen-ringen.de\/wp-content\/uploads\/2026\/01\/A7404033-1024x1024.jpeg\" alt=\"\" style=\"width: 300px;\"><\/td><td>Beate K\u00f6nig<br>Beisitzerin Jugend<br><a href=\"mailto:abteilungsleiter@tsv-ehningen-ringen.de\" target=\"_blank\" rel=\"noreferrer noopener\"><\/a><a href=\"mailto:bsjugend@tsv-ehningen-ringen.de\">bsjugend@tsv-ehningen-ringen.de<\/a><\/td><\/tr><tr><td><img decoding=\"async\" src=\"https:\/\/tsv-ehningen-ringen.de\/wp-content\/uploads\/2026\/01\/A7404036-1024x1024.jpeg\" alt=\"\" style=\"width: 300px;\"><\/td><td>Ursula Sander<br>K\u00fcchenteamleiterin<br><a href=\"mailto:abteilungsleiter@tsv-ehningen-ringen.de\" target=\"_blank\" rel=\"noreferrer noopener\"><\/a><a href=\"mailto:kueche@tsv-ehningen-ringen.de\">kueche@tsv-ehningen-ringen.de<\/a><\/td><\/tr><\/tbody><\/table><\/figure>\n\n\n\n<p><\/p>\n","protected":false},"excerpt":{"rendered":"<p>Ein \u00dcberblick \u00fcber den aktuellen Abteilungsausschuss der Ringerabteilung: Max ReinhardtAbteilungsleiterabteilungsleiter@tsv-ehningen-ringen.de Magnus VolkmerStellvertretender Abteilungsleitervize@tsv-ehningen-ringen.de Andreas S\u00fcsserTechnischer Leitertl@tsv-ehningen-ringen.de Fabian BendlSportlicher Leitersportlicherleiter@tsv-ehningen-ringen.de Kai R\u00f6schJugendleiterjugendleiter@tsv-ehningen-ringen.de Christian StevensKassierkassier@tsv-ehningen-ringen.de Daniel RaiserSchriftf\u00fchrerschriftfuehrer@tsv-ehningen-ringen.de&nbsp; Henri SchimmerLeiter \u00d6ffentlichkeitsarbeitpresse@tsv-ehningen-ringen.de Claus Z\u00f6phelLeiter Sponsoringleitersponsoring@tsv-ehningen-ringen.de Carsten ZieglerBeisitzer Sponsoringbssponsoring@tsv-ehningen-ringen.de Marc Z\u00f6phelBeisitzer Sportbssport@tsv-ehningen-ringen.de Wolfgang WocheleBeisitzer Technikbstechnik@tsv-ehningen-ringen.de Beate K\u00f6nigBeisitzerin Jugendbsjugend@tsv-ehningen-ringen.de Ursula SanderK\u00fcchenteamleiterinkueche@tsv-ehningen-ringen.de<\/p>\n","protected":false},"author":1,"featured_media":0,"parent":0,"menu_order":0,"comment_status":"closed","ping_status":"closed","template":"","meta":{"footnotes":""},"class_list":["post-42","page","type-page","status-publish","hentry"],"_links":{"self":[{"href":"https:\/\/tsv-ehningen-ringen.de\/index.php\/wp-json\/wp\/v2\/pages\/42","targetHints":{"allow":["GET"]}}],"collection":[{"href":"https:\/\/tsv-ehningen-ringen.de\/index.php\/wp-json\/wp\/v2\/pages"}],"about":[{"href":"https:\/\/tsv-ehningen-ringen.de\/index.php\/wp-json\/wp\/v2\/types\/page"}],"author":[{"embeddable":true,"href":"https:\/\/tsv-ehningen-ringen.de\/index.php\/wp-json\/wp\/v2\/users\/1"}],"replies":[{"embeddable":true,"href":"https:\/\/tsv-ehningen-ringen.de\/index.php\/wp-json\/wp\/v2\/comments?post=42"}],"version-history":[{"count":15,"href":"https:\/\/tsv-ehningen-ringen.de\/index.php\/wp-json\/wp\/v2\/pages\/42\/revisions"}],"predecessor-version":[{"id":1147,"href":"https:\/\/tsv-ehningen-ringen.de\/index.php\/wp-json\/wp\/v2\/pages\/42\/revisions\/1147"}],"wp:attachment":[{"href":"https:\/\/tsv-ehningen-ringen.de\/index.php\/wp-json\/wp\/v2\/media?parent=42"}],"curies":[{"name":"wp","href":"https:\/\/api.w.org\/{rel}","templated":true}]}}