{"id":45,"date":"2024-01-22T21:51:07","date_gmt":"2024-01-22T21:51:07","guid":{"rendered":"https:\/\/tsv-ehningen-ringen.de\/wp2023\/?page_id=45"},"modified":"2025-07-03T08:27:32","modified_gmt":"2025-07-03T08:27:32","slug":"partner-sponsoren","status":"publish","type":"page","link":"https:\/\/tsv-ehningen-ringen.de\/index.php\/partner-sponsoren\/","title":{"rendered":"Partner &#038; Sponsoren"},"content":{"rendered":"\n<p><\/p>\n\n\n\n<h2 class=\"wp-block-heading has-background\" style=\"background-color:#2791ff7a\">Unser Ausr\u00fcster<\/h2>\n\n\n\n<p>Hier geht es direkt zu unserem <strong><a href=\"https:\/\/clubshop.uhlsport.com\/tsv-ehningen\/\" target=\"_blank\" rel=\"noreferrer noopener\">TSV-Onlineshop<\/a><\/strong><\/p>\n\n\n\n<figure class=\"wp-block-table is-style-regular\"><table><tbody><tr><td><a href=\"http:\/\/kempa-sports.com\" target=\"_blank\" rel=\"noreferrer noopener\"><img decoding=\"async\" style=\"width: 250px;\" src=\"https:\/\/tsv-ehningen-ringen.de\/wp-content\/uploads\/2024\/01\/Kempa-TSV-2-1.jpg\" alt=\"\"><\/a><br><\/td><td><strong>uhlsport GmbH<\/strong><br><br>Klingenbach 3<br>72336 Bahlingen<\/td><\/tr><\/tbody><\/table><\/figure>\n\n\n\n<h2 class=\"wp-block-heading has-background\" style=\"background-color:#80777a87\">Unsere Platinpartner<\/h2>\n\n\n\n<figure class=\"wp-block-table\"><table class=\"has-fixed-layout\"><tbody><tr><td><a href=\"http:\/\/vrben.de\" target=\"_blank\" rel=\"noreferrer noopener\"><img decoding=\"async\" src=\"https:\/\/tsv-ehningen-ringen.de\/wp-content\/uploads\/2024\/01\/ehningerbank_2018.jpg\" alt=\"\" style=\"width: 300px;\"><\/a><\/td><td><strong>VR-Bank Ehningen-Nufringen eG<\/strong><br><br>K\u00f6nigstra\u00dfe 32<br>71139 Ehningen<\/td><\/tr><tr><td><a href=\"http:\/\/kwe-ehningen.de\/startseite\/\" target=\"_blank\" rel=\"noreferrer noopener\"><img decoding=\"async\" src=\"https:\/\/tsv-ehningen-ringen.de\/wp-content\/uploads\/2024\/01\/kwe_hp.jpg\" alt=\"\" style=\"width: 300px;\"><\/a><\/td><td><strong>Kommunale Wohnbau Ehningen GmbH<\/strong><br><br>K\u00f6nigstra\u00dfe 29\/1<br>71139 Ehningen<\/td><\/tr><tr><td><a href=\"https:\/\/keck.gmbh\" target=\"_blank\" rel=\"noreferrer noopener\"><img decoding=\"async\" style=\"\" src=\"https:\/\/tsv-ehningen-ringen.de\/wp-content\/uploads\/2025\/05\/Keck-2025.jpg\" alt=\"\"><\/a><a href=\"http:\/\/keck-holz.de\" target=\"_blank\" rel=\"noreferrer noopener\"><\/a><\/td><td><strong>Holzwerk Keck<\/strong><br><br>Aidlinger Stra\u00dfe 37<br>71139 Ehningen<\/td><\/tr><tr><td><a href=\"http:\/\/sehne.de\" target=\"_blank\" rel=\"noreferrer noopener\"><img decoding=\"async\" src=\"https:\/\/tsv-ehningen-ringen.de\/wp-content\/uploads\/2024\/01\/sehne.jpg\" alt=\"\" style=\"width: 300px;\"><\/a><\/td><td><strong>Sehne Backwaren KG<\/strong><br><br>B\u00f6blinger Stra\u00dfe 42<br>71139 Ehningen<\/td><\/tr><tr><td><a href=\"https:\/\/www.baerbel-bahr.de\" target=\"_blank\" rel=\"noreferrer noopener\"><img decoding=\"async\" style=\"\" src=\"https:\/\/tsv-ehningen-ringen.de\/wp-content\/uploads\/2025\/05\/image-1-1024x467.png\" alt=\"\"><\/a><a href=\"http:\/\/baerbel-bahr.de\" target=\"_blank\" rel=\"noreferrer noopener\"><\/a><\/td><td><strong>Immobilien Service B\u00e4rbel Bahr e.K.<\/strong><br><br>Im D\u00f6rnach 5<br>71088 Holzgerlingen<\/td><\/tr><tr><td><a href=\"https:\/\/www.elektro-breitling.de\"><img decoding=\"async\" src=\"https:\/\/tsv-ehningen-ringen.de\/wp-content\/uploads\/2024\/06\/image.png\" alt=\"\" style=\"width: 300px;\"><\/a><\/td><td><strong>Elektro-Breitling GmbH<\/strong><br><br>B\u00f6blinger Stra\u00dfe 88<br>71088 Holzgerlingen<\/td><\/tr><tr><td><a href=\"https:\/\/www.heller-kg.de\"><img decoding=\"async\" src=\"https:\/\/tsv-ehningen-ringen.de\/wp-content\/uploads\/2024\/08\/PHOTO-2024-08-30-10-02-39-1024x551.jpg\" alt=\"\" style=\"width: 300px;\"><\/a><\/td><td><strong>Heller GmbH<\/strong><br><br>Brunnenstra\u00dfe 30\/2<br>71263 Weil der Stadt<\/td><\/tr><\/tbody><\/table><\/figure>\n\n\n\n<h2 class=\"wp-block-heading has-background\" style=\"background-color:#fcd7009c\">Unsere Goldpartner<\/h2>\n\n\n\n<figure class=\"wp-block-table\"><table><tbody><tr><td><a href=\"http:\/\/Claudias-haarstudio.de\" target=\"_blank\" rel=\"noreferrer noopener\"><img decoding=\"async\" src=\"https:\/\/tsv-ehningen-ringen.de\/wp-content\/uploads\/2024\/01\/claudiashaarstudio-1.jpg\" alt=\"\" style=\"width: 300px;\"><\/a><\/td><td><strong>Claudia&#8217;s Haarstudio Claudia Bengel<\/strong><br><br>Breslauer Stra\u00dfe 21<br>71139 Ehningen<\/td><\/tr><\/tbody><\/table><\/figure>\n\n\n\n<h2 class=\"wp-block-heading has-background\" style=\"background-color:#abb7c299\">Unsere Silberpartner<\/h2>\n\n\n\n<figure class=\"wp-block-table\"><table><tbody><tr><td><a href=\"https:\/\/jse.tech\"><img decoding=\"async\" src=\"https:\/\/tsv-ehningen-ringen.de\/wp-content\/uploads\/2025\/07\/image001.png\" alt=\"\" style=\"\"><\/a><a href=\"http:\/\/jse.tech\" target=\"_blank\" rel=\"noreferrer noopener\"><\/a><\/td><td><strong>JSE GmbH<\/strong><br><br>Am Buchental 3<br>71069 Sindelfingen<\/td><\/tr><\/tbody><\/table><\/figure>\n","protected":false},"excerpt":{"rendered":"<p>Unser Ausr\u00fcster Hier geht es direkt zu unserem TSV-Onlineshop uhlsport GmbH Klingenbach 372336 Bahlingen Unsere Platinpartner VR-Bank Ehningen-Nufringen eG K\u00f6nigstra\u00dfe 3271139 Ehningen Kommunale Wohnbau Ehningen GmbH K\u00f6nigstra\u00dfe 29\/171139 Ehningen Holzwerk Keck Aidlinger Stra\u00dfe 3771139 Ehningen Sehne Backwaren KG B\u00f6blinger Stra\u00dfe 4271139 Ehningen Immobilien Service B\u00e4rbel Bahr e.K. Im D\u00f6rnach 571088 Holzgerlingen Elektro-Breitling GmbH B\u00f6blinger Stra\u00dfe &hellip; <\/p>\n<p class=\"link-more\"><a href=\"https:\/\/tsv-ehningen-ringen.de\/index.php\/partner-sponsoren\/\" class=\"more-link\"><span class=\"screen-reader-text\">\u201ePartner &#038; Sponsoren\u201c<\/span> weiterlesen<\/a><\/p>\n","protected":false},"author":1,"featured_media":0,"parent":0,"menu_order":0,"comment_status":"closed","ping_status":"closed","template":"","meta":{"footnotes":""},"class_list":["post-45","page","type-page","status-publish","hentry"],"_links":{"self":[{"href":"https:\/\/tsv-ehningen-ringen.de\/index.php\/wp-json\/wp\/v2\/pages\/45","targetHints":{"allow":["GET"]}}],"collection":[{"href":"https:\/\/tsv-ehningen-ringen.de\/index.php\/wp-json\/wp\/v2\/pages"}],"about":[{"href":"https:\/\/tsv-ehningen-ringen.de\/index.php\/wp-json\/wp\/v2\/types\/page"}],"author":[{"embeddable":true,"href":"https:\/\/tsv-ehningen-ringen.de\/index.php\/wp-json\/wp\/v2\/users\/1"}],"replies":[{"embeddable":true,"href":"https:\/\/tsv-ehningen-ringen.de\/index.php\/wp-json\/wp\/v2\/comments?post=45"}],"version-history":[{"count":26,"href":"https:\/\/tsv-ehningen-ringen.de\/index.php\/wp-json\/wp\/v2\/pages\/45\/revisions"}],"predecessor-version":[{"id":917,"href":"https:\/\/tsv-ehningen-ringen.de\/index.php\/wp-json\/wp\/v2\/pages\/45\/revisions\/917"}],"wp:attachment":[{"href":"https:\/\/tsv-ehningen-ringen.de\/index.php\/wp-json\/wp\/v2\/media?parent=45"}],"curies":[{"name":"wp","href":"https:\/\/api.w.org\/{rel}","templated":true}]}}