{"id":46,"date":"2024-01-22T21:51:07","date_gmt":"2024-01-22T21:51:07","guid":{"rendered":"https:\/\/tsv-ehningen-ringen.de\/wp2023\/?page_id=46"},"modified":"2024-04-07T12:32:05","modified_gmt":"2024-04-07T12:32:05","slug":"kampfrichter","status":"publish","type":"page","link":"https:\/\/tsv-ehningen-ringen.de\/index.php\/kampfrichter\/","title":{"rendered":"Kampfrichter"},"content":{"rendered":"\n<p>Wir pr\u00e4sentieren die Kampfrichter, die f\u00fcr den TSV Ehningen auf die Matte gehen:<\/p>\n\n\n\n<figure class=\"wp-block-table\"><table class=\"has-fixed-layout\"><tbody><tr><td><img decoding=\"async\" src=\"https:\/\/tsv-ehningen-ringen.de\/wp-content\/uploads\/2024\/03\/FB_IMG_1709361365689-1024x683.jpg\" alt=\"\" style=\"width: 300px;\"><\/td><td class=\"has-text-align-left\" data-align=\"left\"><strong>Manuel Senn<\/strong><br><br>Bundeslizenz<br>Vize-Pr\u00e4sident DRB Bundesliga<\/td><\/tr><\/tbody><\/table><\/figure>\n\n\n\n<p><\/p>\n\n\n\n<figure class=\"wp-block-table\"><table class=\"has-fixed-layout\"><tbody><tr><td><img decoding=\"async\" src=\"https:\/\/tsv-ehningen-ringen.de\/wp-content\/uploads\/2024\/04\/PHOTO-2024-03-24-12-23-17-1-980x1024.jpg\" alt=\"\"><\/td><td class=\"has-text-align-left\" data-align=\"left\"><strong>Frank Mutz<\/strong><br><br>Verbandsliga<\/td><\/tr><\/tbody><\/table><\/figure>\n","protected":false},"excerpt":{"rendered":"<p>Wir pr\u00e4sentieren die Kampfrichter, die f\u00fcr den TSV Ehningen auf die Matte gehen: Manuel Senn BundeslizenzVize-Pr\u00e4sident DRB Bundesliga Frank Mutz Verbandsliga<\/p>\n","protected":false},"author":1,"featured_media":0,"parent":0,"menu_order":0,"comment_status":"closed","ping_status":"closed","template":"","meta":{"footnotes":""},"class_list":["post-46","page","type-page","status-publish","hentry"],"_links":{"self":[{"href":"https:\/\/tsv-ehningen-ringen.de\/index.php\/wp-json\/wp\/v2\/pages\/46","targetHints":{"allow":["GET"]}}],"collection":[{"href":"https:\/\/tsv-ehningen-ringen.de\/index.php\/wp-json\/wp\/v2\/pages"}],"about":[{"href":"https:\/\/tsv-ehningen-ringen.de\/index.php\/wp-json\/wp\/v2\/types\/page"}],"author":[{"embeddable":true,"href":"https:\/\/tsv-ehningen-ringen.de\/index.php\/wp-json\/wp\/v2\/users\/1"}],"replies":[{"embeddable":true,"href":"https:\/\/tsv-ehningen-ringen.de\/index.php\/wp-json\/wp\/v2\/comments?post=46"}],"version-history":[{"count":9,"href":"https:\/\/tsv-ehningen-ringen.de\/index.php\/wp-json\/wp\/v2\/pages\/46\/revisions"}],"predecessor-version":[{"id":484,"href":"https:\/\/tsv-ehningen-ringen.de\/index.php\/wp-json\/wp\/v2\/pages\/46\/revisions\/484"}],"wp:attachment":[{"href":"https:\/\/tsv-ehningen-ringen.de\/index.php\/wp-json\/wp\/v2\/media?parent=46"}],"curies":[{"name":"wp","href":"https:\/\/api.w.org\/{rel}","templated":true}]}}