{"id":49,"date":"2024-01-22T21:51:07","date_gmt":"2024-01-22T21:51:07","guid":{"rendered":"https:\/\/tsv-ehningen-ringen.de\/wp2023\/?page_id=49"},"modified":"2025-10-18T12:38:08","modified_gmt":"2025-10-18T12:38:08","slug":"landesklasse-wuerttemberg","status":"publish","type":"page","link":"https:\/\/tsv-ehningen-ringen.de\/index.php\/landesklasse-wuerttemberg\/","title":{"rendered":"Landesklasse W\u00fcrttemberg"},"content":{"rendered":"\n<p>Hier geht es zur direkt zur Runden\u00fcbersicht unserer 2. Mannschaft f\u00fcr 2025 in der <a href=\"https:\/\/liga-db.de\/ligen\/1175\" data-type=\"link\" data-id=\"https:\/\/liga-db.de\/ligen\/1175\" target=\"_blank\" rel=\"noreferrer noopener\">Landesklasse W\u00fcrttemberg<\/a>.<\/p>\n","protected":false},"excerpt":{"rendered":"<p>Hier geht es zur direkt zur Runden\u00fcbersicht unserer 2. Mannschaft f\u00fcr 2025 in der Landesklasse W\u00fcrttemberg.<\/p>\n","protected":false},"author":1,"featured_media":0,"parent":0,"menu_order":0,"comment_status":"closed","ping_status":"closed","template":"","meta":{"footnotes":""},"class_list":["post-49","page","type-page","status-publish","hentry"],"_links":{"self":[{"href":"https:\/\/tsv-ehningen-ringen.de\/index.php\/wp-json\/wp\/v2\/pages\/49","targetHints":{"allow":["GET"]}}],"collection":[{"href":"https:\/\/tsv-ehningen-ringen.de\/index.php\/wp-json\/wp\/v2\/pages"}],"about":[{"href":"https:\/\/tsv-ehningen-ringen.de\/index.php\/wp-json\/wp\/v2\/types\/page"}],"author":[{"embeddable":true,"href":"https:\/\/tsv-ehningen-ringen.de\/index.php\/wp-json\/wp\/v2\/users\/1"}],"replies":[{"embeddable":true,"href":"https:\/\/tsv-ehningen-ringen.de\/index.php\/wp-json\/wp\/v2\/comments?post=49"}],"version-history":[{"count":11,"href":"https:\/\/tsv-ehningen-ringen.de\/index.php\/wp-json\/wp\/v2\/pages\/49\/revisions"}],"predecessor-version":[{"id":1009,"href":"https:\/\/tsv-ehningen-ringen.de\/index.php\/wp-json\/wp\/v2\/pages\/49\/revisions\/1009"}],"wp:attachment":[{"href":"https:\/\/tsv-ehningen-ringen.de\/index.php\/wp-json\/wp\/v2\/media?parent=49"}],"curies":[{"name":"wp","href":"https:\/\/api.w.org\/{rel}","templated":true}]}}