{"id":53,"date":"2024-01-22T21:51:07","date_gmt":"2024-01-22T21:51:07","guid":{"rendered":"https:\/\/tsv-ehningen-ringen.de\/wp2023\/?page_id=53"},"modified":"2024-01-27T23:44:14","modified_gmt":"2024-01-27T23:44:14","slug":"anfahrt","status":"publish","type":"page","link":"https:\/\/tsv-ehningen-ringen.de\/index.php\/anfahrt\/","title":{"rendered":"Anfahrt"},"content":{"rendered":"\n<h2 class=\"wp-block-heading\">Adresse zur Wettkampfst\u00e4tte<\/h2>\n\n\n\n<div class=\"wp-block-group is-vertical is-layout-flex wp-container-core-group-is-layout-8cf370e7 wp-block-group-is-layout-flex\">\n<p>Sportzentrum Schalkwiese<\/p>\n\n\n\n<p>Halle 1<\/p>\n\n\n\n<p>Hildrizhauser Stra\u00dfe 80<\/p>\n\n\n\n<p>71139 Ehningen<\/p>\n\n\n\n<p><\/p>\n<\/div>\n\n\n\n<h2 class=\"wp-block-heading\">Anfahrt<\/h2>\n\n\n\n<p>Das Sportzentrum erreichen Sie am besten \u00fcber die Autobahn A81. Verlassen Sie die Autobahn an der Ausfahrt Hildrizhausen (Nr. 26). Fahren Sie anschlie\u00dfend Richtung Ehningen. Das Sportzentrum befindet sich nach ca. 300 m auf der linken Seite.<\/p>\n","protected":false},"excerpt":{"rendered":"<p>Adresse zur Wettkampfst\u00e4tte Sportzentrum Schalkwiese Halle 1 Hildrizhauser Stra\u00dfe 80 71139 Ehningen Anfahrt Das Sportzentrum erreichen Sie am besten \u00fcber die Autobahn A81. Verlassen Sie die Autobahn an der Ausfahrt Hildrizhausen (Nr. 26). Fahren Sie anschlie\u00dfend Richtung Ehningen. Das Sportzentrum befindet sich nach ca. 300 m auf der linken Seite.<\/p>\n","protected":false},"author":1,"featured_media":0,"parent":0,"menu_order":0,"comment_status":"closed","ping_status":"closed","template":"","meta":{"footnotes":""},"class_list":["post-53","page","type-page","status-publish","hentry"],"_links":{"self":[{"href":"https:\/\/tsv-ehningen-ringen.de\/index.php\/wp-json\/wp\/v2\/pages\/53","targetHints":{"allow":["GET"]}}],"collection":[{"href":"https:\/\/tsv-ehningen-ringen.de\/index.php\/wp-json\/wp\/v2\/pages"}],"about":[{"href":"https:\/\/tsv-ehningen-ringen.de\/index.php\/wp-json\/wp\/v2\/types\/page"}],"author":[{"embeddable":true,"href":"https:\/\/tsv-ehningen-ringen.de\/index.php\/wp-json\/wp\/v2\/users\/1"}],"replies":[{"embeddable":true,"href":"https:\/\/tsv-ehningen-ringen.de\/index.php\/wp-json\/wp\/v2\/comments?post=53"}],"version-history":[{"count":6,"href":"https:\/\/tsv-ehningen-ringen.de\/index.php\/wp-json\/wp\/v2\/pages\/53\/revisions"}],"predecessor-version":[{"id":193,"href":"https:\/\/tsv-ehningen-ringen.de\/index.php\/wp-json\/wp\/v2\/pages\/53\/revisions\/193"}],"wp:attachment":[{"href":"https:\/\/tsv-ehningen-ringen.de\/index.php\/wp-json\/wp\/v2\/media?parent=53"}],"curies":[{"name":"wp","href":"https:\/\/api.w.org\/{rel}","templated":true}]}}